{"id":267,"date":"2026-01-22T23:23:00","date_gmt":"2026-01-22T23:23:00","guid":{"rendered":"https:\/\/bandajuliancerdan.com\/?page_id=267"},"modified":"2026-04-09T17:28:29","modified_gmt":"2026-04-09T17:28:29","slug":"holy-monday","status":"publish","type":"page","link":"https:\/\/bandajuliancerdan.com\/en\/holy-monday\/","title":{"rendered":"Holy Monday"},"content":{"rendered":"<div class=\"wp-block-uagb-container uagb-block-5a6a4523 alignfull uagb-is-root-container\"><div class=\"uagb-container__video-wrap\"><video autoplay loop muted playsinline><source src=\"https:\/\/bandajuliancerdan.com\/wp-content\/uploads\/2026\/01\/julian-cerdan-penas-cadiz.mp4\" type=\"video\/mp4\"\/><\/video><\/div><div class=\"uagb-container-inner-blocks-wrap\">\n<div class=\"wp-block-uagb-container uagb-block-6730c43d\">\n<div class=\"wp-block-uagb-info-box uagb-block-3a2bf576 uagb-infobox__content-wrap  uagb-infobox-icon-above-title uagb-infobox-image-valign-top\"><div class=\"uagb-ifb-content\"><div class=\"uagb-ifb-title-wrap\"><span class=\"uagb-ifb-title-prefix\">Holy Monday with Juli\u00e1n Cerd\u00e1n<\/span><h1 class=\"uagb-ifb-title\">Archbrotherhood of La Palma<\/h1><\/div><p class=\"uagb-ifb-desc\">C\u00e1diz<\/p><\/div><\/div>\n<\/div>\n<\/div><\/div>\n\n\n\n<div class=\"wp-block-uagb-container uagb-block-5b556441 alignfull uagb-is-root-container\">\n<div class=\"wp-block-uagb-container uagb-block-d80fd9d3\">\n<div class=\"wp-block-uagb-info-box uagb-block-1def8ba3 uagb-infobox__content-wrap  uagb-infobox-icon-above-title uagb-infobox-image-valign-top\"><div class=\"uagb-ifb-content\"><div class=\"uagb-ifb-title-wrap\"><span class=\"uagb-ifb-title-prefix\">Since 2018<\/span><h2 class=\"uagb-ifb-title\">Our Crowned Lady of Sorrows<\/h2><\/div><div class=\"uagb-ifb-separator\"><\/div><p class=\"uagb-ifb-desc\">Being a band from the province of C\u00e1diz, we have always sought to maintain our link with the Holy Week of our provincial capital, where since 2018 we have accompanied the Crowned Virgin of Sorrows, the sorrowful image of the Archbrotherhood of La Palma (Palm).<br><br>This hugely popular brotherhood is based in the emblematic La Vi\u00f1a neighbourhood and is the result of the merger of the Brotherhood of the Most Holy Christ of Mercy and Our Lady of Sorrows with the former Archbrotherhood of Our Lady of the Palm. It was precisely the latter that was the protagonist of the famous miracle of the retreating waters during the 1755 tsunami that struck the city of C\u00e1diz.<br><br>Both Our Lady of the Palm and Our Lady of Sorrows are canonically crowned images, in 1987 and 2022 respectively.<br><br>The repertoire we perform on this day is generally cheerful and classical in character, a style that harmonises perfectly with the spectacular canopy of Our Crowned Lady of Sorrows, embroidered in 1915 by Juan Manuel Rodr\u00edguez Ojeda and formerly belonging to the Brotherhood of Los Negritos (Black Brotherhood) of Seville.<\/p><\/div><\/div>\n<\/div>\n\n\n\n<div class=\"wp-block-uagb-container uagb-block-b8923c17\">\n<p class=\"has-text-align-center has-background has-small-font-size\" style=\"background-color:#00000080\">Our Crowned Lady of Sorrows (Archconfraternity of La Palma, C\u00e1diz). Photo: Antonio Ja\u00e9n S\u00e1nchez.<\/p>\n<\/div>\n<\/div>\n\n\n\n<div class=\"wp-block-uagb-container uagb-block-59246010 alignfull uagb-is-root-container\">\n<div class=\"wp-block-uagb-info-box uagb-block-ebce205a uagb-infobox__content-wrap  uagb-infobox-icon-above-title uagb-infobox-image-valign-top\"><div class=\"uagb-ifb-content\"><div class=\"uagb-ifb-icon-wrap\"><svg xmlns=\"https:\/\/www.w3.org\/2000\/svg\" viewbox=\"0 0 512 512\"><path d=\"M32 32C49.67 32 64 46.33 64 64V400C64 408.8 71.16 416 80 416H480C497.7 416 512 430.3 512 448C512 465.7 497.7 480 480 480H80C35.82 480 0 444.2 0 400V64C0 46.33 14.33 32 32 32zM160 224C177.7 224 192 238.3 192 256V320C192 337.7 177.7 352 160 352C142.3 352 128 337.7 128 320V256C128 238.3 142.3 224 160 224zM288 320C288 337.7 273.7 352 256 352C238.3 352 224 337.7 224 320V160C224 142.3 238.3 128 256 128C273.7 128 288 142.3 288 160V320zM352 192C369.7 192 384 206.3 384 224V320C384 337.7 369.7 352 352 352C334.3 352 320 337.7 320 320V224C320 206.3 334.3 192 352 192zM480 320C480 337.7 465.7 352 448 352C430.3 352 416 337.7 416 320V96C416 78.33 430.3 64 448 64C465.7 64 480 78.33 480 96V320z\"><\/path><\/svg><\/div><div class=\"uagb-ifb-title-wrap\"><h2 class=\"uagb-ifb-title\">Repertoire and statistics 2025<\/h2><\/div><p class=\"uagb-ifb-desc\">All the details of what we played behind the Crowned Virgin of Sorrows of C\u00e1diz on Holy Monday 2025.<\/p><div class=\"uagb-ifb-separator\"><\/div><\/div><\/div>\n\n\n\t\t\t\t\t<div\n\t\t\t\t\t\tclass=\"wp-block-uagb-image-gallery uagb-block-d5d1473c\"\n\t\t\t\t\t\tstyle=\"\"\n\t\t\t\t\t>\n\t\t\t\t\t\t\t\t\t\t\t<div class=\"spectra-image-gallery spectra-image-gallery__layout--grid spectra-image-gallery__layout--grid-col-3 spectra-image-gallery__layout--grid-col-tab-2 spectra-image-gallery__layout--grid-col-mob-1\">\n\t\t\t\t\t\t\t\t\t\t\t<div class='spectra-image-gallery__media-wrapper' data-spectra-gallery-image-id='289' tabindex=\"0\">\n\t\t\t\t\t\t\t<div class=\"spectra-image-gallery__media spectra-image-gallery__media--grid\">\n\t\t\t\t<picture>\n\t\t\t\t\t<source media=\"(min-width: 1024px)\" srcset=\"https:\/\/bandajuliancerdan.com\/wp-content\/uploads\/2026\/01\/penas-2025-1.jpg\">\n\t\t\t\t\t<source media=\"(min-width: 768px)\" srcset=\"https:\/\/bandajuliancerdan.com\/wp-content\/uploads\/2026\/01\/penas-2025-1-819x1024.jpg\">\n\t\t\t\t\t<img decoding=\"async\" class=\"spectra-image-gallery__media-thumbnail spectra-image-gallery__media-thumbnail--grid\" src=\"https:\/\/bandajuliancerdan.com\/wp-content\/uploads\/2026\/01\/penas-2025-1-819x1024.jpg\" alt=\"\" loading=\"lazy\" \/>\n\t\t\t\t<\/picture>\n\t\t\t\t<div class=\"spectra-image-gallery__media-thumbnail-blurrer\"><\/div>\n\t\t\t\t\t\t\t\t\t\t\t<div class=\"spectra-image-gallery__media-thumbnail-caption-wrapper spectra-image-gallery__media-thumbnail-caption-wrapper--overlay\"><\/div>\n\t\t\t\t\t\t\t\t<\/div>\n\t\t\t\t\t\t<\/div>\n\t\t\t\t\t\t<div class='spectra-image-gallery__media-wrapper' data-spectra-gallery-image-id='290' tabindex=\"0\">\n\t\t\t\t\t\t\t<div class=\"spectra-image-gallery__media spectra-image-gallery__media--grid\">\n\t\t\t\t<picture>\n\t\t\t\t\t<source media=\"(min-width: 1024px)\" srcset=\"https:\/\/bandajuliancerdan.com\/wp-content\/uploads\/2026\/01\/penas-2025-2.jpg\">\n\t\t\t\t\t<source media=\"(min-width: 768px)\" srcset=\"https:\/\/bandajuliancerdan.com\/wp-content\/uploads\/2026\/01\/penas-2025-2-819x1024.jpg\">\n\t\t\t\t\t<img decoding=\"async\" class=\"spectra-image-gallery__media-thumbnail spectra-image-gallery__media-thumbnail--grid\" src=\"https:\/\/bandajuliancerdan.com\/wp-content\/uploads\/2026\/01\/penas-2025-2-819x1024.jpg\" alt=\"\" loading=\"lazy\" \/>\n\t\t\t\t<\/picture>\n\t\t\t\t<div class=\"spectra-image-gallery__media-thumbnail-blurrer\"><\/div>\n\t\t\t\t\t\t\t\t\t\t\t<div class=\"spectra-image-gallery__media-thumbnail-caption-wrapper spectra-image-gallery__media-thumbnail-caption-wrapper--overlay\"><\/div>\n\t\t\t\t\t\t\t\t<\/div>\n\t\t\t\t\t\t<\/div>\n\t\t\t\t\t\t<div class='spectra-image-gallery__media-wrapper' data-spectra-gallery-image-id='291' tabindex=\"0\">\n\t\t\t\t\t\t\t<div class=\"spectra-image-gallery__media spectra-image-gallery__media--grid\">\n\t\t\t\t<picture>\n\t\t\t\t\t<source media=\"(min-width: 1024px)\" srcset=\"https:\/\/bandajuliancerdan.com\/wp-content\/uploads\/2026\/01\/penas-2025-3.jpg\">\n\t\t\t\t\t<source media=\"(min-width: 768px)\" srcset=\"https:\/\/bandajuliancerdan.com\/wp-content\/uploads\/2026\/01\/penas-2025-3-819x1024.jpg\">\n\t\t\t\t\t<img decoding=\"async\" class=\"spectra-image-gallery__media-thumbnail spectra-image-gallery__media-thumbnail--grid\" src=\"https:\/\/bandajuliancerdan.com\/wp-content\/uploads\/2026\/01\/penas-2025-3-819x1024.jpg\" alt=\"\" loading=\"lazy\" \/>\n\t\t\t\t<\/picture>\n\t\t\t\t<div class=\"spectra-image-gallery__media-thumbnail-blurrer\"><\/div>\n\t\t\t\t\t\t\t\t\t\t\t<div class=\"spectra-image-gallery__media-thumbnail-caption-wrapper spectra-image-gallery__media-thumbnail-caption-wrapper--overlay\"><\/div>\n\t\t\t\t\t\t\t\t<\/div>\n\t\t\t\t\t\t<\/div>\n\t\t\t\t\t\t\t\t\t\t<\/div>\n\t\t\t\t\t\t\t\t\t\t\t\t\t\t\t\t\t\t<\/div>\n\t\t\t\t\t\t\t\t\t\t\t<div class='spectra-image-gallery__control-lightbox' tabindex='0'>\n\t\t\t\t\t\t\t\t\t\t\t<div class=\"swiper spectra-image-gallery__control-lightbox--main\" dir=\"\">\n\t\t\t\t\t<div class=\"swiper-wrapper\">\n\t\t\t\t\t\t\t\t\t\t\t\t\t\n\t\t\t\t\t\t\t<div class=\"swiper-slide\">\n\t\t\t\t\t\t\t\t<img class=\"swiper-lazy\" data-src=\"https:\/\/bandajuliancerdan.com\/wp-content\/uploads\/2026\/01\/penas-2025-1.jpg\" alt=\"\"\/>\n\t\t\t\t\t\t\t\t<div class=\"swiper-lazy-preloader swiper-lazy-preloader-white\"><\/div>\n\t\t\t\t\t\t\t\t\t\t\t\t\t\t\t<\/div>\n\t\t\t\t\t\t\t\t\t\t\t\t\t\n\t\t\t\t\t\t\t<div class=\"swiper-slide\">\n\t\t\t\t\t\t\t\t<img class=\"swiper-lazy\" data-src=\"https:\/\/bandajuliancerdan.com\/wp-content\/uploads\/2026\/01\/penas-2025-2.jpg\" alt=\"\"\/>\n\t\t\t\t\t\t\t\t<div class=\"swiper-lazy-preloader swiper-lazy-preloader-white\"><\/div>\n\t\t\t\t\t\t\t\t\t\t\t\t\t\t\t<\/div>\n\t\t\t\t\t\t\t\t\t\t\t\t\t\n\t\t\t\t\t\t\t<div class=\"swiper-slide\">\n\t\t\t\t\t\t\t\t<img class=\"swiper-lazy\" data-src=\"https:\/\/bandajuliancerdan.com\/wp-content\/uploads\/2026\/01\/penas-2025-3.jpg\" alt=\"\"\/>\n\t\t\t\t\t\t\t\t<div class=\"swiper-lazy-preloader swiper-lazy-preloader-white\"><\/div>\n\t\t\t\t\t\t\t\t\t\t\t\t\t\t\t<\/div>\n\t\t\t\t\t\t\t\t\t\t\t<\/div>\n\t\t\t\t\t<div class=\"swiper-button-next\"><\/div>\n\t\t\t\t\t<div class=\"swiper-button-prev\"><\/div>\n\t\t\t\t<\/div>\t\t\t\n\t\t\t\t\t\t\t\t\t\t\t\t\t\t\t\t\t\t\t\t\t\t\t\t\t\t\t\t\t\t\t\t<button class='spectra-image-gallery__control-lightbox--close' aria-label=\"Close\">\n\t\t\t\t\t\t\t\t\t\t\t\t\t<svg xmlns=\"https:\/\/www.w3.org\/2000\/svg\" viewbox= \"0 0 320 512\"><path d=\"M310.6 361.4c12.5 12.5 12.5 32.75 0 45.25C304.4 412.9 296.2 416 288 416s-16.38-3.125-22.62-9.375L160 301.3L54.63 406.6C48.38 412.9 40.19 416 32 416S15.63 412.9 9.375 406.6c-12.5-12.5-12.5-32.75 0-45.25l105.4-105.4L9.375 150.6c-12.5-12.5-12.5-32.75 0-45.25s32.75-12.5 45.25 0L160 210.8l105.4-105.4c12.5-12.5 32.75-12.5 45.25 0s12.5 32.75 0 45.25l-105.4 105.4L310.6 361.4z\"><\/path><\/svg>\n\t\t\t\t\t\t\t\t\t\t\t\t<\/button>\n\t\t\t\t\t\t\t\t\t\t\t\t\t<\/div>\n\t\t\t\t\t\t\t\t\t<\/div>\n\n\n\n<div class=\"wp-block-uagb-container uagb-block-8e78c270 alignfull uagb-is-root-container\">\n<div class=\"wp-block-uagb-info-box uagb-block-10c98873 uagb-infobox__content-wrap  uagb-infobox-icon-above-title uagb-infobox-image-valign-top\"><div class=\"uagb-ifb-content\"><div class=\"uagb-ifb-icon-wrap\"><svg xmlns=\"https:\/\/www.w3.org\/2000\/svg\" viewbox=\"0 0 576 512\"><path d=\"M549.7 124.1c-6.281-23.65-24.79-42.28-48.28-48.6C458.8 64 288 64 288 64S117.2 64 74.63 75.49c-23.5 6.322-42 24.95-48.28 48.6-11.41 42.87-11.41 132.3-11.41 132.3s0 89.44 11.41 132.3c6.281 23.65 24.79 41.5 48.28 47.82C117.2 448 288 448 288 448s170.8 0 213.4-11.49c23.5-6.321 42-24.17 48.28-47.82 11.41-42.87 11.41-132.3 11.41-132.3s0-89.44-11.41-132.3zm-317.5 213.5V175.2l142.7 81.21-142.7 81.2z\"><\/path><\/svg><\/div><div class=\"uagb-ifb-title-wrap\"><h2 class=\"uagb-ifb-title\">Juli\u00e1n Cerd\u00e1n performing with the Archbrotherhood of the Palm of C\u00e1diz<\/h2><\/div><p class=\"uagb-ifb-desc\">Watch our latest videos performing behind the Crowned Virgin of Sorrows.<\/p><div class=\"uagb-ifb-separator\"><\/div><\/div><\/div>\n\n\n<div class=\"wp-block-streamweasels-youtube-integration\">\n<div class=\"cp-streamweasels-youtube cp-streamweasels-youtube--wall cp-streamweasels-youtube--inside cp-streamweasels-youtube--1241 cp-streamweasels-youtube--hover- cp-streamweasels-youtube--placement-absolute cp-streamweasels-youtube--position-top cp-streamweasels-youtube--position-left cp-streamweasels-youtube--hide-0\"  style=\"max-width:px; margin: 0 auto;\" data-online=\"0\" data-offline=\"0\" data-total=\"0\" data-uuid=\"1241\" data-skew=\"0\">\n    <div class=\"cp-streamweasels-youtube__inner\">\n\n                                        \n            <div class=\"cp-streamweasels-youtube__loader\">\n                <div class=\"spinner-item\"><\/div>\n                <div class=\"spinner-item\"><\/div>\n                <div class=\"spinner-item\"><\/div>\n                <div class=\"spinner-item\"><\/div>\n                <div class=\"spinner-item\"><\/div>\n            <\/div>\n            <div class=\"cp-streamweasels-youtube__player\">\n                <div class=\"cp-streamweasels-youtube__player-target\"><\/div>\n            <\/div>\n            <div class=\"cp-streamweasels-youtube__offline-wrapper\"><\/div>\n            <div class=\"cp-streamweasels-youtube__streams cp-streamweasels-youtube__streams--detailed cp-streamweasels-youtube__streams--hover-none\" style=\"grid-gap:10px; grid-template-columns: repeat(4, minmax(100px, 1fr));\"><\/div>     \n            <div class=\"cp-streamweasels-youtube__pagination\"><\/div>\n            <\/div>\n<\/div><\/div><\/div>\n\n\n\n<div class=\"wp-block-uagb-container uagb-block-21745936 alignfull uagb-is-root-container\">\n<div class=\"wp-block-uagb-container uagb-block-a1d2f43e\">\n<div class=\"wp-block-uagb-info-box uagb-block-1b7fa0bb uagb-infobox__content-wrap  uagb-infobox_cta-type-all uagb-infobox-icon-left uagb-infobox-left uagb-infobox-image-valign-top\"><a href=\"https:\/\/bandajuliancerdan.com\/en\/semana-santa\/palm-sunday\/\" class=\"uagb-infobox-link-wrap uagb-infbox__link-to-all\" target=\"_self\" aria-label=\"Infobox Link\" rel=\"noopener noreferrer\" onclick=\"return true;\"><\/a><div class=\"uagb-ifb-icon-wrap\"><svg xmlns=\"https:\/\/www.w3.org\/2000\/svg\" viewbox=\"0 0 512 512\"><path d=\"M256 0C114.6 0 0 114.6 0 256c0 141.4 114.6 256 256 256s256-114.6 256-256C512 114.6 397.4 0 256 0zM384 288H205.3l49.38 49.38c12.5 12.5 12.5 32.75 0 45.25s-32.75 12.5-45.25 0L105.4 278.6C97.4 270.7 96 260.9 96 256c0-4.883 1.391-14.66 9.398-22.65l103.1-103.1c12.5-12.5 32.75-12.5 45.25 0s12.5 32.75 0 45.25L205.3 224H384c17.69 0 32 14.33 32 32S401.7 288 384 288z\"><\/path><\/svg><\/div><div class=\"uagb-ifb-content\"><div class=\"uagb-ifb-title-wrap\"><p class=\"uagb-ifb-title\">Previous day<\/p><\/div><p class=\"uagb-ifb-desc\">Palm Sunday<\/p><div class=\"uagb-ifb-button-wrapper wp-block-button\"><\/div><\/div><\/div>\n<\/div>\n\n\n\n<div class=\"wp-block-uagb-container uagb-block-499487fc\">\n<div class=\"wp-block-uagb-info-box uagb-block-9628f60e uagb-infobox__content-wrap  uagb-infobox_cta-type-all uagb-infobox-icon-right uagb-infobox-right uagb-infobox-image-valign-top\"><a href=\"https:\/\/bandajuliancerdan.com\/en\/semana-santa\/holy-tuesday\/\" class=\"uagb-infobox-link-wrap uagb-infbox__link-to-all\" target=\"_self\" aria-label=\"Infobox Link\" rel=\"noopener noreferrer\" onclick=\"return true;\"><\/a><div class=\"uagb-ifb-content\"><div class=\"uagb-ifb-title-wrap\"><p class=\"uagb-ifb-title\">Next day<\/p><\/div><p class=\"uagb-ifb-desc\">Holy Tuesday<\/p><div class=\"uagb-ifb-button-wrapper wp-block-button\"><\/div><\/div><div class=\"uagb-ifb-icon-wrap\"><svg xmlns=\"https:\/\/www.w3.org\/2000\/svg\" viewbox=\"0 0 512 512\"><path d=\"M256 0C114.6 0 0 114.6 0 256c0 141.4 114.6 256 256 256s256-114.6 256-256C512 114.6 397.4 0 256 0zM406.6 278.6l-103.1 103.1c-12.5 12.5-32.75 12.5-45.25 0s-12.5-32.75 0-45.25L306.8 288H128C110.3 288 96 273.7 96 256s14.31-32 32-32h178.8l-49.38-49.38c-12.5-12.5-12.5-32.75 0-45.25s32.75-12.5 45.25 0l103.1 103.1C414.6 241.3 416 251.1 416 256C416 260.9 414.6 270.7 406.6 278.6z\"><\/path><\/svg><\/div><\/div>\n<\/div>\n<\/div>","protected":false},"excerpt":{"rendered":"<p>Our Crowned Lady of Sorrows (Archconfraternity of La Palma, C\u00e1diz). Photo: Antonio Ja\u00e9n S\u00e1nchez.<\/p>","protected":false},"author":1,"featured_media":0,"parent":0,"menu_order":2,"comment_status":"closed","ping_status":"closed","template":"","meta":{"_uag_custom_page_level_css":"","site-sidebar-layout":"default","site-content-layout":"","ast-site-content-layout":"default","site-content-style":"default","site-sidebar-style":"default","ast-global-header-display":"","ast-banner-title-visibility":"","ast-main-header-display":"","ast-hfb-above-header-display":"","ast-hfb-below-header-display":"","ast-hfb-mobile-header-display":"","site-post-title":"disabled","ast-breadcrumbs-content":"","ast-featured-img":"","footer-sml-layout":"","ast-disable-related-posts":"","theme-transparent-header-meta":"","adv-header-id-meta":"","stick-header-meta":"","header-above-stick-meta":"","header-main-stick-meta":"","header-below-stick-meta":"","astra-migrate-meta-layouts":"default","ast-page-background-enabled":"default","ast-page-background-meta":{"desktop":{"background-color":"var(--ast-global-color-5)","background-image":"","background-repeat":"repeat","background-position":"center center","background-size":"auto","background-attachment":"scroll","background-type":"","background-media":"","overlay-type":"","overlay-color":"","overlay-opacity":"","overlay-gradient":""},"tablet":{"background-color":"","background-image":"","background-repeat":"repeat","background-position":"center center","background-size":"auto","background-attachment":"scroll","background-type":"","background-media":"","overlay-type":"","overlay-color":"","overlay-opacity":"","overlay-gradient":""},"mobile":{"background-color":"","background-image":"","background-repeat":"repeat","background-position":"center center","background-size":"auto","background-attachment":"scroll","background-type":"","background-media":"","overlay-type":"","overlay-color":"","overlay-opacity":"","overlay-gradient":""}},"ast-content-background-meta":{"desktop":{"background-color":"var(--ast-global-color-4)","background-image":"","background-repeat":"repeat","background-position":"center center","background-size":"auto","background-attachment":"scroll","background-type":"","background-media":"","overlay-type":"","overlay-color":"","overlay-opacity":"","overlay-gradient":""},"tablet":{"background-color":"var(--ast-global-color-4)","background-image":"","background-repeat":"repeat","background-position":"center center","background-size":"auto","background-attachment":"scroll","background-type":"","background-media":"","overlay-type":"","overlay-color":"","overlay-opacity":"","overlay-gradient":""},"mobile":{"background-color":"var(--ast-global-color-4)","background-image":"","background-repeat":"repeat","background-position":"center center","background-size":"auto","background-attachment":"scroll","background-type":"","background-media":"","overlay-type":"","overlay-color":"","overlay-opacity":"","overlay-gradient":""}},"footnotes":""},"class_list":["post-267","page","type-page","status-publish","hentry"],"yoast_head":"<!-- This site is optimized with the Yoast SEO plugin v27.3 - https:\/\/yoast.com\/product\/yoast-seo-wordpress\/ -->\n<title>Lunes Santo - Banda Juli\u00e1n Cerd\u00e1n<\/title>\n<meta name=\"robots\" content=\"index, follow, max-snippet:-1, max-image-preview:large, max-video-preview:-1\" \/>\n<link rel=\"canonical\" href=\"https:\/\/bandajuliancerdan.com\/en\/holy-monday\/\" \/>\n<meta property=\"og:locale\" content=\"en_GB\" \/>\n<meta property=\"og:type\" content=\"article\" \/>\n<meta property=\"og:title\" content=\"Lunes Santo - Banda Juli\u00e1n Cerd\u00e1n\" \/>\n<meta property=\"og:description\" content=\"Mar\u00eda Sant\u00edsima de las Penas Coronada (Archicofrad\u00eda de la Palma Coronada, C\u00e1diz). Foto: Antonio Ja\u00e9n S\u00e1nchez.\" \/>\n<meta property=\"og:url\" content=\"https:\/\/bandajuliancerdan.com\/en\/holy-monday\/\" \/>\n<meta property=\"og:site_name\" content=\"Banda Juli\u00e1n Cerd\u00e1n\" \/>\n<meta property=\"article:publisher\" content=\"https:\/\/www.facebook.com\/BMjuliancerdan\" \/>\n<meta property=\"article:modified_time\" content=\"2026-04-09T17:28:29+00:00\" \/>\n<meta name=\"twitter:card\" content=\"summary_large_image\" \/>\n<meta name=\"twitter:site\" content=\"@BMjulianCerdan\" \/>\n<meta name=\"twitter:label1\" content=\"Estimated reading time\" \/>\n\t<meta name=\"twitter:data1\" content=\"2 minutes\" \/>\n<script type=\"application\/ld+json\" class=\"yoast-schema-graph\">{\"@context\":\"https:\\\/\\\/schema.org\",\"@graph\":[{\"@type\":\"WebPage\",\"@id\":\"https:\\\/\\\/bandajuliancerdan.com\\\/lunes-santo\\\/\",\"url\":\"https:\\\/\\\/bandajuliancerdan.com\\\/lunes-santo\\\/\",\"name\":\"Lunes Santo - Banda Juli\u00e1n Cerd\u00e1n\",\"isPartOf\":{\"@id\":\"https:\\\/\\\/bandajuliancerdan.com\\\/#website\"},\"datePublished\":\"2026-01-22T23:23:00+00:00\",\"dateModified\":\"2026-04-09T17:28:29+00:00\",\"breadcrumb\":{\"@id\":\"https:\\\/\\\/bandajuliancerdan.com\\\/lunes-santo\\\/#breadcrumb\"},\"inLanguage\":\"en-GB\",\"potentialAction\":[{\"@type\":\"ReadAction\",\"target\":[\"https:\\\/\\\/bandajuliancerdan.com\\\/lunes-santo\\\/\"]}]},{\"@type\":\"BreadcrumbList\",\"@id\":\"https:\\\/\\\/bandajuliancerdan.com\\\/lunes-santo\\\/#breadcrumb\",\"itemListElement\":[{\"@type\":\"ListItem\",\"position\":1,\"name\":\"Portada\",\"item\":\"https:\\\/\\\/bandajuliancerdan.com\\\/\"},{\"@type\":\"ListItem\",\"position\":2,\"name\":\"Lunes Santo\"}]},{\"@type\":\"WebSite\",\"@id\":\"https:\\\/\\\/bandajuliancerdan.com\\\/#website\",\"url\":\"https:\\\/\\\/bandajuliancerdan.com\\\/\",\"name\":\"Banda Juli\u00e1n Cerd\u00e1n\",\"description\":\"Banda de M\u00fasica de Sanl\u00facar de Barrameda (desde 1852)\",\"publisher\":{\"@id\":\"https:\\\/\\\/bandajuliancerdan.com\\\/#organization\"},\"potentialAction\":[{\"@type\":\"SearchAction\",\"target\":{\"@type\":\"EntryPoint\",\"urlTemplate\":\"https:\\\/\\\/bandajuliancerdan.com\\\/?s={search_term_string}\"},\"query-input\":{\"@type\":\"PropertyValueSpecification\",\"valueRequired\":true,\"valueName\":\"search_term_string\"}}],\"inLanguage\":\"en-GB\"},{\"@type\":\"Organization\",\"@id\":\"https:\\\/\\\/bandajuliancerdan.com\\\/#organization\",\"name\":\"Banda Juli\u00e1n Cerd\u00e1n\",\"url\":\"https:\\\/\\\/bandajuliancerdan.com\\\/\",\"logo\":{\"@type\":\"ImageObject\",\"inLanguage\":\"en-GB\",\"@id\":\"https:\\\/\\\/bandajuliancerdan.com\\\/#\\\/schema\\\/logo\\\/image\\\/\",\"url\":\"https:\\\/\\\/bandajuliancerdan.com\\\/wp-content\\\/uploads\\\/2026\\\/01\\\/Banda-Julian-Cerdan-logo.webp\",\"contentUrl\":\"https:\\\/\\\/bandajuliancerdan.com\\\/wp-content\\\/uploads\\\/2026\\\/01\\\/Banda-Julian-Cerdan-logo.webp\",\"width\":470,\"height\":525,\"caption\":\"Banda Juli\u00e1n Cerd\u00e1n\"},\"image\":{\"@id\":\"https:\\\/\\\/bandajuliancerdan.com\\\/#\\\/schema\\\/logo\\\/image\\\/\"},\"sameAs\":[\"https:\\\/\\\/www.facebook.com\\\/BMjuliancerdan\",\"https:\\\/\\\/x.com\\\/BMjulianCerdan\",\"https:\\\/\\\/www.instagram.com\\\/bandajuliancerdan\",\"https:\\\/\\\/www.youtube.com\\\/@BMjuliancerdan\",\"https:\\\/\\\/open.spotify.com\\\/intl-es\\\/artist\\\/4i66fjXSc41mCE4cyc8ctf?si=xwRCLcowSBOcLpUrJncpAQ&nd=1&dlsi=4962adf5713540ac\"]}]}<\/script>\n<!-- \/ Yoast SEO plugin. -->","yoast_head_json":{"title":"Easter Monday - Juli\u00e1n Cerd\u00e1n Band","robots":{"index":"index","follow":"follow","max-snippet":"max-snippet:-1","max-image-preview":"max-image-preview:large","max-video-preview":"max-video-preview:-1"},"canonical":"https:\/\/bandajuliancerdan.com\/en\/holy-monday\/","og_locale":"en_GB","og_type":"article","og_title":"Lunes Santo - Banda Juli\u00e1n Cerd\u00e1n","og_description":"Mar\u00eda Sant\u00edsima de las Penas Coronada (Archicofrad\u00eda de la Palma Coronada, C\u00e1diz). Foto: Antonio Ja\u00e9n S\u00e1nchez.","og_url":"https:\/\/bandajuliancerdan.com\/en\/holy-monday\/","og_site_name":"Banda Juli\u00e1n Cerd\u00e1n","article_publisher":"https:\/\/www.facebook.com\/BMjuliancerdan","article_modified_time":"2026-04-09T17:28:29+00:00","twitter_card":"summary_large_image","twitter_site":"@BMjulianCerdan","twitter_misc":{"Estimated reading time":"2 minutes"},"schema":{"@context":"https:\/\/schema.org","@graph":[{"@type":"WebPage","@id":"https:\/\/bandajuliancerdan.com\/lunes-santo\/","url":"https:\/\/bandajuliancerdan.com\/lunes-santo\/","name":"Easter Monday - Juli\u00e1n Cerd\u00e1n Band","isPartOf":{"@id":"https:\/\/bandajuliancerdan.com\/#website"},"datePublished":"2026-01-22T23:23:00+00:00","dateModified":"2026-04-09T17:28:29+00:00","breadcrumb":{"@id":"https:\/\/bandajuliancerdan.com\/lunes-santo\/#breadcrumb"},"inLanguage":"en-GB","potentialAction":[{"@type":"ReadAction","target":["https:\/\/bandajuliancerdan.com\/lunes-santo\/"]}]},{"@type":"BreadcrumbList","@id":"https:\/\/bandajuliancerdan.com\/lunes-santo\/#breadcrumb","itemListElement":[{"@type":"ListItem","position":1,"name":"Portada","item":"https:\/\/bandajuliancerdan.com\/"},{"@type":"ListItem","position":2,"name":"Lunes Santo"}]},{"@type":"WebSite","@id":"https:\/\/bandajuliancerdan.com\/#website","url":"https:\/\/bandajuliancerdan.com\/","name":"Juli\u00e1n Cerd\u00e1n Band","description":"Sanl\u00facar de Barrameda Music Band (since 1852)","publisher":{"@id":"https:\/\/bandajuliancerdan.com\/#organization"},"potentialAction":[{"@type":"SearchAction","target":{"@type":"EntryPoint","urlTemplate":"https:\/\/bandajuliancerdan.com\/?s={search_term_string}"},"query-input":{"@type":"PropertyValueSpecification","valueRequired":true,"valueName":"search_term_string"}}],"inLanguage":"en-GB"},{"@type":"Organization","@id":"https:\/\/bandajuliancerdan.com\/#organization","name":"Juli\u00e1n Cerd\u00e1n Band","url":"https:\/\/bandajuliancerdan.com\/","logo":{"@type":"ImageObject","inLanguage":"en-GB","@id":"https:\/\/bandajuliancerdan.com\/#\/schema\/logo\/image\/","url":"https:\/\/bandajuliancerdan.com\/wp-content\/uploads\/2026\/01\/Banda-Julian-Cerdan-logo.webp","contentUrl":"https:\/\/bandajuliancerdan.com\/wp-content\/uploads\/2026\/01\/Banda-Julian-Cerdan-logo.webp","width":470,"height":525,"caption":"Banda Juli\u00e1n Cerd\u00e1n"},"image":{"@id":"https:\/\/bandajuliancerdan.com\/#\/schema\/logo\/image\/"},"sameAs":["https:\/\/www.facebook.com\/BMjuliancerdan","https:\/\/x.com\/BMjulianCerdan","https:\/\/www.instagram.com\/bandajuliancerdan","https:\/\/www.youtube.com\/@BMjuliancerdan","https:\/\/open.spotify.com\/intl-es\/artist\/4i66fjXSc41mCE4cyc8ctf?si=xwRCLcowSBOcLpUrJncpAQ&nd=1&dlsi=4962adf5713540ac"]}]}},"uagb_featured_image_src":{"full":false,"thumbnail":false,"medium":false,"medium_large":false,"large":false,"1536x1536":false,"2048x2048":false,"trp-custom-language-flag":false},"uagb_author_info":{"display_name":"admin","author_link":"https:\/\/bandajuliancerdan.com\/en\/author\/admin\/"},"uagb_comment_info":0,"uagb_excerpt":"Mar\u00eda Sant\u00edsima de las Penas Coronada (Archicofrad\u00eda de la Palma Coronada, C\u00e1diz). Foto: Antonio Ja\u00e9n S\u00e1nchez.","_links":{"self":[{"href":"https:\/\/bandajuliancerdan.com\/en\/wp-json\/wp\/v2\/pages\/267","targetHints":{"allow":["GET"]}}],"collection":[{"href":"https:\/\/bandajuliancerdan.com\/en\/wp-json\/wp\/v2\/pages"}],"about":[{"href":"https:\/\/bandajuliancerdan.com\/en\/wp-json\/wp\/v2\/types\/page"}],"author":[{"embeddable":true,"href":"https:\/\/bandajuliancerdan.com\/en\/wp-json\/wp\/v2\/users\/1"}],"replies":[{"embeddable":true,"href":"https:\/\/bandajuliancerdan.com\/en\/wp-json\/wp\/v2\/comments?post=267"}],"version-history":[{"count":21,"href":"https:\/\/bandajuliancerdan.com\/en\/wp-json\/wp\/v2\/pages\/267\/revisions"}],"predecessor-version":[{"id":976,"href":"https:\/\/bandajuliancerdan.com\/en\/wp-json\/wp\/v2\/pages\/267\/revisions\/976"}],"wp:attachment":[{"href":"https:\/\/bandajuliancerdan.com\/en\/wp-json\/wp\/v2\/media?parent=267"}],"curies":[{"name":"wp","href":"https:\/\/api.w.org\/{rel}","templated":true}]}}