{"id":63,"date":"2026-01-21T13:21:30","date_gmt":"2026-01-21T13:21:30","guid":{"rendered":"https:\/\/bandajuliancerdan.com\/?page_id=63"},"modified":"2026-04-09T17:42:40","modified_gmt":"2026-04-09T17:42:40","slug":"inicio","status":"publish","type":"page","link":"https:\/\/bandajuliancerdan.com\/en\/","title":{"rendered":"Inicio"},"content":{"rendered":"<div class=\"wp-block-uagb-container uagb-block-b6383bab alignfull uagb-is-root-container\"><div class=\"uagb-container__video-wrap\"><video autoplay loop muted playsinline><source src=\"https:\/\/bandajuliancerdan.com\/wp-content\/uploads\/2026\/01\/banda-julian-cerdan-home-video.mp4\" type=\"video\/mp4\"\/><\/video><\/div><div class=\"uagb-container-inner-blocks-wrap\">\n<div class=\"wp-block-uagb-container uagb-block-3dc32d2c\">\n<div class=\"wp-block-uagb-info-box uagb-block-8c067926 uagb-infobox__content-wrap  uagb-infobox-icon-above-title uagb-infobox-image-valign-top\"><div class=\"uagb-ifb-content\"><div class=\"uagb-ifb-title-wrap\"><span class=\"uagb-ifb-title-prefix\">Juli\u00e1n Cerd\u00e1n Band<\/span><h1 class=\"uagb-ifb-title\">One of the oldest civilian concert bands in Spain<\/h1><\/div><p class=\"uagb-ifb-desc\">The Juli\u00e1n Cerd\u00e1n Band was founded as the concert band of the town of Sanl\u00facar de Barrameda (C\u00e1diz), with documentary evidence of its activity dating back to 1837, and throughout its history it has been honoured with various awards and distinctions.<br>Would you like to know more about us?<\/p><\/div><\/div>\n\n\n\n<div class=\"wp-block-uagb-buttons uagb-buttons__outer-wrap uagb-btn__default-btn uagb-btn-tablet__default-btn uagb-btn-mobile__default-btn uagb-block-9ac8b882\"><div class=\"uagb-buttons__wrap uagb-buttons-layout-wrap\">\n<div class=\"wp-block-uagb-buttons-child uagb-buttons__outer-wrap uagb-block-00b0a2bf wp-block-button\"><div class=\"uagb-button__wrapper\"><a class=\"uagb-buttons-repeater wp-block-button__link\" aria-label=\"\" href=\"https:\/\/bandajuliancerdan.com\/en\/history\/\" rel=\"follow noopener\" target=\"_self\" role=\"button\"><div class=\"uagb-button__link\">Our history<\/div><\/a><\/div><\/div>\n\n\n\n<div class=\"wp-block-uagb-buttons-child uagb-buttons__outer-wrap uagb-block-0df4f70d wp-block-button\"><div class=\"uagb-button__wrapper\"><a class=\"uagb-buttons-repeater ast-outline-button\" aria-label=\"\" style=\"border-width:revert-layer\" href=\"#escuchanos\" rel=\"follow noopener\" target=\"_self\" role=\"button\"><div class=\"uagb-button__link\">Listen to us<\/div><span class=\"uagb-button__icon uagb-button__icon-position-after\"><svg xmlns=\"https:\/\/www.w3.org\/2000\/svg\" viewbox=\"0 0 512 512\" aria-hidden=\"true\" focussable=\"false\"><path d=\"M511.1 367.1c0 44.18-42.98 80-95.1 80s-95.1-35.82-95.1-79.1c0-44.18 42.98-79.1 95.1-79.1c11.28 0 21.95 1.92 32.01 4.898V148.1L192 224l-.0023 208.1C191.1 476.2 149 512 95.1 512S0 476.2 0 432c0-44.18 42.98-79.1 95.1-79.1c11.28 0 21.95 1.92 32 4.898V126.5c0-12.97 10.06-26.63 22.41-30.52l319.1-94.49C472.1 .6615 477.3 0 480 0c17.66 0 31.97 14.34 32 31.99L511.1 367.1z\"><\/path><\/svg><\/span><\/a><\/div><\/div>\n<\/div><\/div>\n<\/div>\n<\/div><\/div>\n\n\n\n<div id=\"escuchanos\" class=\"wp-block-uagb-container uagb-block-16d8897d alignfull uagb-is-root-container\">\n<div class=\"wp-block-uagb-info-box uagb-block-04095469 uagb-infobox__content-wrap  uagb-infobox-icon-above-title uagb-infobox-image-valign-top\"><div class=\"uagb-ifb-content\"><div class=\"uagb-ifb-icon-wrap\"><svg xmlns=\"https:\/\/www.w3.org\/2000\/svg\" viewbox=\"0 0 496 512\"><path d=\"M248 8C111.1 8 0 119.1 0 256s111.1 248 248 248 248-111.1 248-248S384.9 8 248 8zm100.7 364.9c-4.2 0-6.8-1.3-10.7-3.6-62.4-37.6-135-39.2-206.7-24.5-3.9 1-9 2.6-11.9 2.6-9.7 0-15.8-7.7-15.8-15.8 0-10.3 6.1-15.2 13.6-16.8 81.9-18.1 165.6-16.5 237 26.2 6.1 3.9 9.7 7.4 9.7 16.5s-7.1 15.4-15.2 15.4zm26.9-65.6c-5.2 0-8.7-2.3-12.3-4.2-62.5-37-155.7-51.9-238.6-29.4-4.8 1.3-7.4 2.6-11.9 2.6-10.7 0-19.4-8.7-19.4-19.4s5.2-17.8 15.5-20.7c27.8-7.8 56.2-13.6 97.8-13.6 64.9 0 127.6 16.1 177 45.5 8.1 4.8 11.3 11 11.3 19.7-.1 10.8-8.5 19.5-19.4 19.5zm31-76.2c-5.2 0-8.4-1.3-12.9-3.9-71.2-42.5-198.5-52.7-280.9-29.7-3.6 1-8.1 2.6-12.9 2.6-13.2 0-23.3-10.3-23.3-23.6 0-13.6 8.4-21.3 17.4-23.9 35.2-10.3 74.6-15.2 117.5-15.2 73 0 149.5 15.2 205.4 47.8 7.8 4.5 12.9 10.7 12.9 22.6 0 13.6-11 23.3-23.2 23.3z\"><\/path><\/svg><\/div><div class=\"uagb-ifb-title-wrap\"><h2 class=\"uagb-ifb-title\">Juli\u00e1n Cerd\u00e1n on Spotify<\/h2><\/div><div class=\"uagb-ifb-separator\"><\/div><\/div><\/div>\n\n\n\n<div class=\"wp-block-uagb-container uagb-layout-grid uagb-block-f75c334c\">\n<figure class=\"wp-block-embed is-type-rich is-provider-spotify wp-block-embed-spotify\"><div class=\"wp-block-embed__wrapper\">\n<iframe title=\"Spotify Embed: Concert &quot;Los Terceros&quot; (Live)\" style=\"border-radius: 12px\" width=\"100%\" height=\"352\" frameborder=\"0\" allowfullscreen allow=\"autoplay; clipboard-write; encrypted-media; fullscreen; picture-in-picture\" loading=\"lazy\" src=\"https:\/\/open.spotify.com\/embed\/album\/0mdzoQA3dtgiXIUMldnv3W?si=9l6jgCCoSY22aMaXMzXK1w&amp;utm_source=oembed\"><\/iframe>\n<\/div><\/figure>\n\n\n\n<figure class=\"wp-block-embed is-type-rich is-provider-spotify wp-block-embed-spotify\"><div class=\"wp-block-embed__wrapper\">\n<iframe title=\"Spotify Embed: Glory, Blessed Mother!\" style=\"border-radius: 12px\" width=\"100%\" height=\"352\" frameborder=\"0\" allowfullscreen allow=\"autoplay; clipboard-write; encrypted-media; fullscreen; picture-in-picture\" loading=\"lazy\" src=\"https:\/\/open.spotify.com\/embed\/album\/1iRBvSfaALI6jOtH0MMm2U?si=NOT67N9ISsGuEvasFLjYAA&amp;utm_source=oembed\"><\/iframe>\n<\/div><\/figure>\n\n\n\n<figure class=\"wp-block-embed is-type-rich is-provider-spotify wp-block-embed-spotify\"><div class=\"wp-block-embed__wrapper\">\n<iframe title=\"Spotify Embed: 150th Anniversary\" style=\"border-radius: 12px\" width=\"100%\" height=\"352\" frameborder=\"0\" allowfullscreen allow=\"autoplay; clipboard-write; encrypted-media; fullscreen; picture-in-picture\" loading=\"lazy\" src=\"https:\/\/open.spotify.com\/embed\/album\/1XyFpzQaLoY9MHuaZDeQrU?si=fKvYSbaITnqbjSEjTSx9Og&amp;utm_source=oembed\"><\/iframe>\n<\/div><\/figure>\n\n\n\n<figure class=\"wp-block-embed is-type-rich is-provider-spotify wp-block-embed-spotify\"><div class=\"wp-block-embed__wrapper\">\n<iframe title=\"Spotify Embed: On the edge of heaven\" style=\"border-radius: 12px\" width=\"100%\" height=\"352\" frameborder=\"0\" allowfullscreen allow=\"autoplay; clipboard-write; encrypted-media; fullscreen; picture-in-picture\" loading=\"lazy\" src=\"https:\/\/open.spotify.com\/embed\/album\/3huk7sWnSu7igCYbgYjuLa?si=bAEYJi41SPyxSs8W5UO-jg&amp;utm_source=oembed\"><\/iframe>\n<\/div><\/figure>\n<\/div>\n<\/div>\n\n\n\n<div class=\"wp-block-uagb-container uagb-block-00b79e2d alignfull uagb-is-root-container\">\n<div class=\"wp-block-uagb-info-box uagb-block-edc3e14b uagb-infobox__content-wrap  uagb-infobox-icon-above-title uagb-infobox-image-valign-top\"><div class=\"uagb-ifb-content\"><div class=\"uagb-ifb-icon-wrap\"><svg xmlns=\"https:\/\/www.w3.org\/2000\/svg\" viewbox=\"0 0 576 512\"><path d=\"M549.7 124.1c-6.281-23.65-24.79-42.28-48.28-48.6C458.8 64 288 64 288 64S117.2 64 74.63 75.49c-23.5 6.322-42 24.95-48.28 48.6-11.41 42.87-11.41 132.3-11.41 132.3s0 89.44 11.41 132.3c6.281 23.65 24.79 41.5 48.28 47.82C117.2 448 288 448 288 448s170.8 0 213.4-11.49c23.5-6.321 42-24.17 48.28-47.82 11.41-42.87 11.41-132.3 11.41-132.3s0-89.44-11.41-132.3zm-317.5 213.5V175.2l142.7 81.21-142.7 81.2z\"><\/path><\/svg><\/div><div class=\"uagb-ifb-title-wrap\"><h2 class=\"uagb-ifb-title\">Latest on YouTube<\/h2><\/div><div class=\"uagb-ifb-separator\"><\/div><\/div><\/div>\n\n\n<div class=\"wp-block-streamweasels-youtube-integration\">\n<div class=\"cp-streamweasels-youtube cp-streamweasels-youtube--wall cp-streamweasels-youtube--inside cp-streamweasels-youtube--2307 cp-streamweasels-youtube--hover- cp-streamweasels-youtube--placement-absolute cp-streamweasels-youtube--position-top cp-streamweasels-youtube--position-left cp-streamweasels-youtube--hide-0\"  style=\"max-width:px; margin: 0 auto;\" data-online=\"0\" data-offline=\"0\" data-total=\"0\" data-uuid=\"2307\" data-skew=\"0\">\n    <div class=\"cp-streamweasels-youtube__inner\">\n\n                                        \n            <div class=\"cp-streamweasels-youtube__loader\">\n                <div class=\"spinner-item\"><\/div>\n                <div class=\"spinner-item\"><\/div>\n                <div class=\"spinner-item\"><\/div>\n                <div class=\"spinner-item\"><\/div>\n                <div class=\"spinner-item\"><\/div>\n            <\/div>\n            <div class=\"cp-streamweasels-youtube__player\">\n                <div class=\"cp-streamweasels-youtube__player-target\"><\/div>\n            <\/div>\n            <div class=\"cp-streamweasels-youtube__offline-wrapper\"><\/div>\n            <div class=\"cp-streamweasels-youtube__streams cp-streamweasels-youtube__streams--detailed cp-streamweasels-youtube__streams--hover-none\" style=\"grid-gap:10px; grid-template-columns: repeat(4, minmax(100px, 1fr));\"><\/div>     \n            <div class=\"cp-streamweasels-youtube__pagination\"><\/div>\n            <\/div>\n<\/div><\/div><\/div>\n\n\n\n<p><\/p>","protected":false},"excerpt":{"rendered":"","protected":false},"author":1,"featured_media":0,"parent":0,"menu_order":0,"comment_status":"closed","ping_status":"closed","template":"","meta":{"_uag_custom_page_level_css":"","site-sidebar-layout":"default","site-content-layout":"","ast-site-content-layout":"default","site-content-style":"default","site-sidebar-style":"default","ast-global-header-display":"","ast-banner-title-visibility":"","ast-main-header-display":"","ast-hfb-above-header-display":"","ast-hfb-below-header-display":"","ast-hfb-mobile-header-display":"","site-post-title":"disabled","ast-breadcrumbs-content":"","ast-featured-img":"","footer-sml-layout":"","ast-disable-related-posts":"","theme-transparent-header-meta":"enabled","adv-header-id-meta":"","stick-header-meta":"","header-above-stick-meta":"","header-main-stick-meta":"","header-below-stick-meta":"","astra-migrate-meta-layouts":"default","ast-page-background-enabled":"default","ast-page-background-meta":{"desktop":{"background-color":"var(--ast-global-color-5)","background-image":"","background-repeat":"repeat","background-position":"center center","background-size":"auto","background-attachment":"scroll","background-type":"","background-media":"","overlay-type":"","overlay-color":"","overlay-opacity":"","overlay-gradient":""},"tablet":{"background-color":"","background-image":"","background-repeat":"repeat","background-position":"center center","background-size":"auto","background-attachment":"scroll","background-type":"","background-media":"","overlay-type":"","overlay-color":"","overlay-opacity":"","overlay-gradient":""},"mobile":{"background-color":"","background-image":"","background-repeat":"repeat","background-position":"center center","background-size":"auto","background-attachment":"scroll","background-type":"","background-media":"","overlay-type":"","overlay-color":"","overlay-opacity":"","overlay-gradient":""}},"ast-content-background-meta":{"desktop":{"background-color":"var(--ast-global-color-4)","background-image":"","background-repeat":"repeat","background-position":"center center","background-size":"auto","background-attachment":"scroll","background-type":"","background-media":"","overlay-type":"","overlay-color":"","overlay-opacity":"","overlay-gradient":""},"tablet":{"background-color":"var(--ast-global-color-4)","background-image":"","background-repeat":"repeat","background-position":"center center","background-size":"auto","background-attachment":"scroll","background-type":"","background-media":"","overlay-type":"","overlay-color":"","overlay-opacity":"","overlay-gradient":""},"mobile":{"background-color":"var(--ast-global-color-4)","background-image":"","background-repeat":"repeat","background-position":"center center","background-size":"auto","background-attachment":"scroll","background-type":"","background-media":"","overlay-type":"","overlay-color":"","overlay-opacity":"","overlay-gradient":""}},"footnotes":""},"class_list":["post-63","page","type-page","status-publish","hentry"],"yoast_head":"<!-- This site is optimized with the Yoast SEO plugin v27.3 - https:\/\/yoast.com\/product\/yoast-seo-wordpress\/ -->\n<title>Inicio - Banda Juli\u00e1n Cerd\u00e1n<\/title>\n<meta name=\"robots\" content=\"index, follow, max-snippet:-1, max-image-preview:large, max-video-preview:-1\" \/>\n<link rel=\"canonical\" href=\"https:\/\/bandajuliancerdan.com\/en\/\" \/>\n<meta property=\"og:locale\" content=\"en_GB\" \/>\n<meta property=\"og:type\" content=\"article\" \/>\n<meta property=\"og:title\" content=\"Inicio - Banda Juli\u00e1n Cerd\u00e1n\" \/>\n<meta property=\"og:url\" content=\"https:\/\/bandajuliancerdan.com\/en\/\" \/>\n<meta property=\"og:site_name\" content=\"Banda Juli\u00e1n Cerd\u00e1n\" \/>\n<meta property=\"article:publisher\" content=\"https:\/\/www.facebook.com\/BMjuliancerdan\" \/>\n<meta property=\"article:modified_time\" content=\"2026-04-09T17:42:40+00:00\" \/>\n<meta name=\"twitter:card\" content=\"summary_large_image\" \/>\n<meta name=\"twitter:site\" content=\"@BMjulianCerdan\" \/>\n<meta name=\"twitter:label1\" content=\"Estimated reading time\" \/>\n\t<meta name=\"twitter:data1\" content=\"1 minute\" \/>\n<script type=\"application\/ld+json\" class=\"yoast-schema-graph\">{\"@context\":\"https:\\\/\\\/schema.org\",\"@graph\":[{\"@type\":\"WebPage\",\"@id\":\"https:\\\/\\\/bandajuliancerdan.com\\\/\",\"url\":\"https:\\\/\\\/bandajuliancerdan.com\\\/\",\"name\":\"Inicio - Banda Juli\u00e1n Cerd\u00e1n\",\"isPartOf\":{\"@id\":\"https:\\\/\\\/bandajuliancerdan.com\\\/#website\"},\"datePublished\":\"2026-01-21T13:21:30+00:00\",\"dateModified\":\"2026-04-09T17:42:40+00:00\",\"breadcrumb\":{\"@id\":\"https:\\\/\\\/bandajuliancerdan.com\\\/#breadcrumb\"},\"inLanguage\":\"en-GB\",\"potentialAction\":[{\"@type\":\"ReadAction\",\"target\":[\"https:\\\/\\\/bandajuliancerdan.com\\\/\"]}]},{\"@type\":\"BreadcrumbList\",\"@id\":\"https:\\\/\\\/bandajuliancerdan.com\\\/#breadcrumb\",\"itemListElement\":[{\"@type\":\"ListItem\",\"position\":1,\"name\":\"Portada\",\"item\":\"https:\\\/\\\/bandajuliancerdan.com\\\/\"},{\"@type\":\"ListItem\",\"position\":2,\"name\":\"Inicio\"}]},{\"@type\":\"WebSite\",\"@id\":\"https:\\\/\\\/bandajuliancerdan.com\\\/#website\",\"url\":\"https:\\\/\\\/bandajuliancerdan.com\\\/\",\"name\":\"Banda Juli\u00e1n Cerd\u00e1n\",\"description\":\"Banda de M\u00fasica de Sanl\u00facar de Barrameda (desde 1852)\",\"publisher\":{\"@id\":\"https:\\\/\\\/bandajuliancerdan.com\\\/#organization\"},\"potentialAction\":[{\"@type\":\"SearchAction\",\"target\":{\"@type\":\"EntryPoint\",\"urlTemplate\":\"https:\\\/\\\/bandajuliancerdan.com\\\/?s={search_term_string}\"},\"query-input\":{\"@type\":\"PropertyValueSpecification\",\"valueRequired\":true,\"valueName\":\"search_term_string\"}}],\"inLanguage\":\"en-GB\"},{\"@type\":\"Organization\",\"@id\":\"https:\\\/\\\/bandajuliancerdan.com\\\/#organization\",\"name\":\"Banda Juli\u00e1n Cerd\u00e1n\",\"url\":\"https:\\\/\\\/bandajuliancerdan.com\\\/\",\"logo\":{\"@type\":\"ImageObject\",\"inLanguage\":\"en-GB\",\"@id\":\"https:\\\/\\\/bandajuliancerdan.com\\\/#\\\/schema\\\/logo\\\/image\\\/\",\"url\":\"https:\\\/\\\/bandajuliancerdan.com\\\/wp-content\\\/uploads\\\/2026\\\/01\\\/Banda-Julian-Cerdan-logo.webp\",\"contentUrl\":\"https:\\\/\\\/bandajuliancerdan.com\\\/wp-content\\\/uploads\\\/2026\\\/01\\\/Banda-Julian-Cerdan-logo.webp\",\"width\":470,\"height\":525,\"caption\":\"Banda Juli\u00e1n Cerd\u00e1n\"},\"image\":{\"@id\":\"https:\\\/\\\/bandajuliancerdan.com\\\/#\\\/schema\\\/logo\\\/image\\\/\"},\"sameAs\":[\"https:\\\/\\\/www.facebook.com\\\/BMjuliancerdan\",\"https:\\\/\\\/x.com\\\/BMjulianCerdan\",\"https:\\\/\\\/www.instagram.com\\\/bandajuliancerdan\",\"https:\\\/\\\/www.youtube.com\\\/@BMjuliancerdan\",\"https:\\\/\\\/open.spotify.com\\\/intl-es\\\/artist\\\/4i66fjXSc41mCE4cyc8ctf?si=xwRCLcowSBOcLpUrJncpAQ&nd=1&dlsi=4962adf5713540ac\"]}]}<\/script>\n<!-- \/ Yoast SEO plugin. -->","yoast_head_json":{"title":"Home - Juli\u00e1n Cerd\u00e1n Band","robots":{"index":"index","follow":"follow","max-snippet":"max-snippet:-1","max-image-preview":"max-image-preview:large","max-video-preview":"max-video-preview:-1"},"canonical":"https:\/\/bandajuliancerdan.com\/en\/","og_locale":"en_GB","og_type":"article","og_title":"Inicio - Banda Juli\u00e1n Cerd\u00e1n","og_url":"https:\/\/bandajuliancerdan.com\/en\/","og_site_name":"Banda Juli\u00e1n Cerd\u00e1n","article_publisher":"https:\/\/www.facebook.com\/BMjuliancerdan","article_modified_time":"2026-04-09T17:42:40+00:00","twitter_card":"summary_large_image","twitter_site":"@BMjulianCerdan","twitter_misc":{"Estimated reading time":"1 minute"},"schema":{"@context":"https:\/\/schema.org","@graph":[{"@type":"WebPage","@id":"https:\/\/bandajuliancerdan.com\/","url":"https:\/\/bandajuliancerdan.com\/","name":"Home - Juli\u00e1n Cerd\u00e1n Band","isPartOf":{"@id":"https:\/\/bandajuliancerdan.com\/#website"},"datePublished":"2026-01-21T13:21:30+00:00","dateModified":"2026-04-09T17:42:40+00:00","breadcrumb":{"@id":"https:\/\/bandajuliancerdan.com\/#breadcrumb"},"inLanguage":"en-GB","potentialAction":[{"@type":"ReadAction","target":["https:\/\/bandajuliancerdan.com\/"]}]},{"@type":"BreadcrumbList","@id":"https:\/\/bandajuliancerdan.com\/#breadcrumb","itemListElement":[{"@type":"ListItem","position":1,"name":"Portada","item":"https:\/\/bandajuliancerdan.com\/"},{"@type":"ListItem","position":2,"name":"Inicio"}]},{"@type":"WebSite","@id":"https:\/\/bandajuliancerdan.com\/#website","url":"https:\/\/bandajuliancerdan.com\/","name":"Juli\u00e1n Cerd\u00e1n Band","description":"Sanl\u00facar de Barrameda Music Band (since 1852)","publisher":{"@id":"https:\/\/bandajuliancerdan.com\/#organization"},"potentialAction":[{"@type":"SearchAction","target":{"@type":"EntryPoint","urlTemplate":"https:\/\/bandajuliancerdan.com\/?s={search_term_string}"},"query-input":{"@type":"PropertyValueSpecification","valueRequired":true,"valueName":"search_term_string"}}],"inLanguage":"en-GB"},{"@type":"Organization","@id":"https:\/\/bandajuliancerdan.com\/#organization","name":"Juli\u00e1n Cerd\u00e1n Band","url":"https:\/\/bandajuliancerdan.com\/","logo":{"@type":"ImageObject","inLanguage":"en-GB","@id":"https:\/\/bandajuliancerdan.com\/#\/schema\/logo\/image\/","url":"https:\/\/bandajuliancerdan.com\/wp-content\/uploads\/2026\/01\/Banda-Julian-Cerdan-logo.webp","contentUrl":"https:\/\/bandajuliancerdan.com\/wp-content\/uploads\/2026\/01\/Banda-Julian-Cerdan-logo.webp","width":470,"height":525,"caption":"Banda Juli\u00e1n Cerd\u00e1n"},"image":{"@id":"https:\/\/bandajuliancerdan.com\/#\/schema\/logo\/image\/"},"sameAs":["https:\/\/www.facebook.com\/BMjuliancerdan","https:\/\/x.com\/BMjulianCerdan","https:\/\/www.instagram.com\/bandajuliancerdan","https:\/\/www.youtube.com\/@BMjuliancerdan","https:\/\/open.spotify.com\/intl-es\/artist\/4i66fjXSc41mCE4cyc8ctf?si=xwRCLcowSBOcLpUrJncpAQ&nd=1&dlsi=4962adf5713540ac"]}]}},"uagb_featured_image_src":{"full":false,"thumbnail":false,"medium":false,"medium_large":false,"large":false,"1536x1536":false,"2048x2048":false,"trp-custom-language-flag":false},"uagb_author_info":{"display_name":"admin","author_link":"https:\/\/bandajuliancerdan.com\/en\/author\/admin\/"},"uagb_comment_info":0,"uagb_excerpt":null,"_links":{"self":[{"href":"https:\/\/bandajuliancerdan.com\/en\/wp-json\/wp\/v2\/pages\/63","targetHints":{"allow":["GET"]}}],"collection":[{"href":"https:\/\/bandajuliancerdan.com\/en\/wp-json\/wp\/v2\/pages"}],"about":[{"href":"https:\/\/bandajuliancerdan.com\/en\/wp-json\/wp\/v2\/types\/page"}],"author":[{"embeddable":true,"href":"https:\/\/bandajuliancerdan.com\/en\/wp-json\/wp\/v2\/users\/1"}],"replies":[{"embeddable":true,"href":"https:\/\/bandajuliancerdan.com\/en\/wp-json\/wp\/v2\/comments?post=63"}],"version-history":[{"count":63,"href":"https:\/\/bandajuliancerdan.com\/en\/wp-json\/wp\/v2\/pages\/63\/revisions"}],"predecessor-version":[{"id":985,"href":"https:\/\/bandajuliancerdan.com\/en\/wp-json\/wp\/v2\/pages\/63\/revisions\/985"}],"wp:attachment":[{"href":"https:\/\/bandajuliancerdan.com\/en\/wp-json\/wp\/v2\/media?parent=63"}],"curies":[{"name":"wp","href":"https:\/\/api.w.org\/{rel}","templated":true}]}}