{"id":713,"date":"2026-01-27T23:16:21","date_gmt":"2026-01-27T23:16:21","guid":{"rendered":"https:\/\/bandajuliancerdan.com\/?page_id=713"},"modified":"2026-03-25T09:33:58","modified_gmt":"2026-03-25T09:33:58","slug":"training-band","status":"publish","type":"page","link":"https:\/\/bandajuliancerdan.com\/en\/training-band\/","title":{"rendered":"Training Band of the Juli\u00e1n Cerd\u00e1n School"},"content":{"rendered":"<div class=\"wp-block-uagb-container uagb-block-6f45633b alignfull uagb-is-root-container\">\n<div class=\"wp-block-uagb-container uagb-block-d8c96493\">\n<div class=\"wp-block-uagb-info-box uagb-block-853f3180 uagb-infobox__content-wrap  uagb-infobox-icon-above-title uagb-infobox-image-valign-top\"><div class=\"uagb-ifb-content\"><div class=\"uagb-ifb-title-wrap\"><span class=\"uagb-ifb-title-prefix\">Practical concert band training from the earliest stages<\/span><h1 class=\"uagb-ifb-title\">Training Band of the Juli\u00e1n Cerd\u00e1n School<\/h1><\/div><p class=\"uagb-ifb-desc\">The Training Band is made up of students from the school and constitutes a fundamental step in their musical education.<br><br>In it, students:<br><br>\u00b7 Learn the real dynamics of a concert band<br>\u00b7 Work on the collective repertoire<br>\u00b7 Take part in real public performances<br><br>This process allows students, in time, to join the Juli\u00e1n Cerd\u00e1n Band with a solid grounding and prior stage experience.<\/p><\/div><\/div>\n\n\n\n<figure class=\"wp-block-embed is-type-video is-provider-youtube wp-block-embed-youtube wp-embed-aspect-16-9 wp-has-aspect-ratio\"><div class=\"wp-block-embed__wrapper\">\n<iframe loading=\"lazy\" title=\"Banda Acad\u00e9mica Juli\u00e1n Cerd\u00e1n 2026 - Concierto de Marchas de Procesi\u00f3n\" width=\"500\" height=\"281\" src=\"https:\/\/www.youtube.com\/embed\/OfeV2tArmA8?feature=oembed\" frameborder=\"0\" allow=\"accelerometer; autoplay; clipboard-write; encrypted-media; gyroscope; picture-in-picture; web-share\" referrerpolicy=\"strict-origin-when-cross-origin\" allowfullscreen><\/iframe>\n<\/div><\/figure>\n<\/div>\n<\/div>","protected":false},"excerpt":{"rendered":"","protected":false},"author":1,"featured_media":0,"parent":0,"menu_order":0,"comment_status":"closed","ping_status":"closed","template":"","meta":{"_uag_custom_page_level_css":"","site-sidebar-layout":"default","site-content-layout":"","ast-site-content-layout":"default","site-content-style":"default","site-sidebar-style":"default","ast-global-header-display":"","ast-banner-title-visibility":"","ast-main-header-display":"","ast-hfb-above-header-display":"","ast-hfb-below-header-display":"","ast-hfb-mobile-header-display":"","site-post-title":"disabled","ast-breadcrumbs-content":"","ast-featured-img":"","footer-sml-layout":"","ast-disable-related-posts":"","theme-transparent-header-meta":"enabled","adv-header-id-meta":"","stick-header-meta":"","header-above-stick-meta":"","header-main-stick-meta":"","header-below-stick-meta":"","astra-migrate-meta-layouts":"default","ast-page-background-enabled":"default","ast-page-background-meta":{"desktop":{"background-color":"var(--ast-global-color-5)","background-image":"","background-repeat":"repeat","background-position":"center center","background-size":"auto","background-attachment":"scroll","background-type":"","background-media":"","overlay-type":"","overlay-color":"","overlay-opacity":"","overlay-gradient":""},"tablet":{"background-color":"","background-image":"","background-repeat":"repeat","background-position":"center center","background-size":"auto","background-attachment":"scroll","background-type":"","background-media":"","overlay-type":"","overlay-color":"","overlay-opacity":"","overlay-gradient":""},"mobile":{"background-color":"","background-image":"","background-repeat":"repeat","background-position":"center center","background-size":"auto","background-attachment":"scroll","background-type":"","background-media":"","overlay-type":"","overlay-color":"","overlay-opacity":"","overlay-gradient":""}},"ast-content-background-meta":{"desktop":{"background-color":"var(--ast-global-color-4)","background-image":"","background-repeat":"repeat","background-position":"center center","background-size":"auto","background-attachment":"scroll","background-type":"","background-media":"","overlay-type":"","overlay-color":"","overlay-opacity":"","overlay-gradient":""},"tablet":{"background-color":"var(--ast-global-color-4)","background-image":"","background-repeat":"repeat","background-position":"center center","background-size":"auto","background-attachment":"scroll","background-type":"","background-media":"","overlay-type":"","overlay-color":"","overlay-opacity":"","overlay-gradient":""},"mobile":{"background-color":"var(--ast-global-color-4)","background-image":"","background-repeat":"repeat","background-position":"center center","background-size":"auto","background-attachment":"scroll","background-type":"","background-media":"","overlay-type":"","overlay-color":"","overlay-opacity":"","overlay-gradient":""}},"footnotes":""},"class_list":["post-713","page","type-page","status-publish","hentry"],"yoast_head":"<!-- This site is optimized with the Yoast SEO plugin v27.3 - https:\/\/yoast.com\/product\/yoast-seo-wordpress\/ -->\n<title>Banda Acad\u00e9mica de la Escuela Juli\u00e1n Cerd\u00e1n - Banda Juli\u00e1n Cerd\u00e1n<\/title>\n<meta name=\"robots\" content=\"index, follow, max-snippet:-1, max-image-preview:large, max-video-preview:-1\" \/>\n<link rel=\"canonical\" href=\"https:\/\/bandajuliancerdan.com\/en\/training-band\/\" \/>\n<meta property=\"og:locale\" content=\"en_GB\" \/>\n<meta property=\"og:type\" content=\"article\" \/>\n<meta property=\"og:title\" content=\"Banda Acad\u00e9mica de la Escuela Juli\u00e1n Cerd\u00e1n - Banda Juli\u00e1n Cerd\u00e1n\" \/>\n<meta property=\"og:url\" content=\"https:\/\/bandajuliancerdan.com\/en\/training-band\/\" \/>\n<meta property=\"og:site_name\" content=\"Banda Juli\u00e1n Cerd\u00e1n\" \/>\n<meta property=\"article:publisher\" content=\"https:\/\/www.facebook.com\/BMjuliancerdan\" \/>\n<meta property=\"article:modified_time\" content=\"2026-03-25T09:33:58+00:00\" \/>\n<meta name=\"twitter:card\" content=\"summary_large_image\" \/>\n<meta name=\"twitter:site\" content=\"@BMjulianCerdan\" \/>\n<meta name=\"twitter:label1\" content=\"Estimated reading time\" \/>\n\t<meta name=\"twitter:data1\" content=\"1 minute\" \/>\n<script type=\"application\/ld+json\" class=\"yoast-schema-graph\">{\"@context\":\"https:\\\/\\\/schema.org\",\"@graph\":[{\"@type\":\"WebPage\",\"@id\":\"https:\\\/\\\/bandajuliancerdan.com\\\/banda-academica-escuela-julian-cerdan-sanlucar\\\/\",\"url\":\"https:\\\/\\\/bandajuliancerdan.com\\\/banda-academica-escuela-julian-cerdan-sanlucar\\\/\",\"name\":\"Banda Acad\u00e9mica de la Escuela Juli\u00e1n Cerd\u00e1n - Banda Juli\u00e1n Cerd\u00e1n\",\"isPartOf\":{\"@id\":\"https:\\\/\\\/bandajuliancerdan.com\\\/#website\"},\"datePublished\":\"2026-01-27T23:16:21+00:00\",\"dateModified\":\"2026-03-25T09:33:58+00:00\",\"breadcrumb\":{\"@id\":\"https:\\\/\\\/bandajuliancerdan.com\\\/banda-academica-escuela-julian-cerdan-sanlucar\\\/#breadcrumb\"},\"inLanguage\":\"en-GB\",\"potentialAction\":[{\"@type\":\"ReadAction\",\"target\":[\"https:\\\/\\\/bandajuliancerdan.com\\\/banda-academica-escuela-julian-cerdan-sanlucar\\\/\"]}]},{\"@type\":\"BreadcrumbList\",\"@id\":\"https:\\\/\\\/bandajuliancerdan.com\\\/banda-academica-escuela-julian-cerdan-sanlucar\\\/#breadcrumb\",\"itemListElement\":[{\"@type\":\"ListItem\",\"position\":1,\"name\":\"Portada\",\"item\":\"https:\\\/\\\/bandajuliancerdan.com\\\/\"},{\"@type\":\"ListItem\",\"position\":2,\"name\":\"Banda Acad\u00e9mica de la Escuela Juli\u00e1n Cerd\u00e1n\"}]},{\"@type\":\"WebSite\",\"@id\":\"https:\\\/\\\/bandajuliancerdan.com\\\/#website\",\"url\":\"https:\\\/\\\/bandajuliancerdan.com\\\/\",\"name\":\"Banda Juli\u00e1n Cerd\u00e1n\",\"description\":\"Banda de M\u00fasica de Sanl\u00facar de Barrameda (desde 1852)\",\"publisher\":{\"@id\":\"https:\\\/\\\/bandajuliancerdan.com\\\/#organization\"},\"potentialAction\":[{\"@type\":\"SearchAction\",\"target\":{\"@type\":\"EntryPoint\",\"urlTemplate\":\"https:\\\/\\\/bandajuliancerdan.com\\\/?s={search_term_string}\"},\"query-input\":{\"@type\":\"PropertyValueSpecification\",\"valueRequired\":true,\"valueName\":\"search_term_string\"}}],\"inLanguage\":\"en-GB\"},{\"@type\":\"Organization\",\"@id\":\"https:\\\/\\\/bandajuliancerdan.com\\\/#organization\",\"name\":\"Banda Juli\u00e1n Cerd\u00e1n\",\"url\":\"https:\\\/\\\/bandajuliancerdan.com\\\/\",\"logo\":{\"@type\":\"ImageObject\",\"inLanguage\":\"en-GB\",\"@id\":\"https:\\\/\\\/bandajuliancerdan.com\\\/#\\\/schema\\\/logo\\\/image\\\/\",\"url\":\"https:\\\/\\\/bandajuliancerdan.com\\\/wp-content\\\/uploads\\\/2026\\\/01\\\/Banda-Julian-Cerdan-logo.webp\",\"contentUrl\":\"https:\\\/\\\/bandajuliancerdan.com\\\/wp-content\\\/uploads\\\/2026\\\/01\\\/Banda-Julian-Cerdan-logo.webp\",\"width\":470,\"height\":525,\"caption\":\"Banda Juli\u00e1n Cerd\u00e1n\"},\"image\":{\"@id\":\"https:\\\/\\\/bandajuliancerdan.com\\\/#\\\/schema\\\/logo\\\/image\\\/\"},\"sameAs\":[\"https:\\\/\\\/www.facebook.com\\\/BMjuliancerdan\",\"https:\\\/\\\/x.com\\\/BMjulianCerdan\",\"https:\\\/\\\/www.instagram.com\\\/bandajuliancerdan\",\"https:\\\/\\\/www.youtube.com\\\/@BMjuliancerdan\",\"https:\\\/\\\/open.spotify.com\\\/intl-es\\\/artist\\\/4i66fjXSc41mCE4cyc8ctf?si=xwRCLcowSBOcLpUrJncpAQ&nd=1&dlsi=4962adf5713540ac\"]}]}<\/script>\n<!-- \/ Yoast SEO plugin. -->","yoast_head_json":{"title":"Academic Band of the Juli\u00e1n Cerd\u00e1n School - Juli\u00e1n Cerd\u00e1n Band","robots":{"index":"index","follow":"follow","max-snippet":"max-snippet:-1","max-image-preview":"max-image-preview:large","max-video-preview":"max-video-preview:-1"},"canonical":"https:\/\/bandajuliancerdan.com\/en\/training-band\/","og_locale":"en_GB","og_type":"article","og_title":"Banda Acad\u00e9mica de la Escuela Juli\u00e1n Cerd\u00e1n - Banda Juli\u00e1n Cerd\u00e1n","og_url":"https:\/\/bandajuliancerdan.com\/en\/training-band\/","og_site_name":"Banda Juli\u00e1n Cerd\u00e1n","article_publisher":"https:\/\/www.facebook.com\/BMjuliancerdan","article_modified_time":"2026-03-25T09:33:58+00:00","twitter_card":"summary_large_image","twitter_site":"@BMjulianCerdan","twitter_misc":{"Estimated reading time":"1 minute"},"schema":{"@context":"https:\/\/schema.org","@graph":[{"@type":"WebPage","@id":"https:\/\/bandajuliancerdan.com\/banda-academica-escuela-julian-cerdan-sanlucar\/","url":"https:\/\/bandajuliancerdan.com\/banda-academica-escuela-julian-cerdan-sanlucar\/","name":"Academic Band of the Juli\u00e1n Cerd\u00e1n School - Juli\u00e1n Cerd\u00e1n Band","isPartOf":{"@id":"https:\/\/bandajuliancerdan.com\/#website"},"datePublished":"2026-01-27T23:16:21+00:00","dateModified":"2026-03-25T09:33:58+00:00","breadcrumb":{"@id":"https:\/\/bandajuliancerdan.com\/banda-academica-escuela-julian-cerdan-sanlucar\/#breadcrumb"},"inLanguage":"en-GB","potentialAction":[{"@type":"ReadAction","target":["https:\/\/bandajuliancerdan.com\/banda-academica-escuela-julian-cerdan-sanlucar\/"]}]},{"@type":"BreadcrumbList","@id":"https:\/\/bandajuliancerdan.com\/banda-academica-escuela-julian-cerdan-sanlucar\/#breadcrumb","itemListElement":[{"@type":"ListItem","position":1,"name":"Portada","item":"https:\/\/bandajuliancerdan.com\/"},{"@type":"ListItem","position":2,"name":"Banda Acad\u00e9mica de la Escuela Juli\u00e1n Cerd\u00e1n"}]},{"@type":"WebSite","@id":"https:\/\/bandajuliancerdan.com\/#website","url":"https:\/\/bandajuliancerdan.com\/","name":"Juli\u00e1n Cerd\u00e1n Band","description":"Sanl\u00facar de Barrameda Music Band (since 1852)","publisher":{"@id":"https:\/\/bandajuliancerdan.com\/#organization"},"potentialAction":[{"@type":"SearchAction","target":{"@type":"EntryPoint","urlTemplate":"https:\/\/bandajuliancerdan.com\/?s={search_term_string}"},"query-input":{"@type":"PropertyValueSpecification","valueRequired":true,"valueName":"search_term_string"}}],"inLanguage":"en-GB"},{"@type":"Organization","@id":"https:\/\/bandajuliancerdan.com\/#organization","name":"Juli\u00e1n Cerd\u00e1n Band","url":"https:\/\/bandajuliancerdan.com\/","logo":{"@type":"ImageObject","inLanguage":"en-GB","@id":"https:\/\/bandajuliancerdan.com\/#\/schema\/logo\/image\/","url":"https:\/\/bandajuliancerdan.com\/wp-content\/uploads\/2026\/01\/Banda-Julian-Cerdan-logo.webp","contentUrl":"https:\/\/bandajuliancerdan.com\/wp-content\/uploads\/2026\/01\/Banda-Julian-Cerdan-logo.webp","width":470,"height":525,"caption":"Banda Juli\u00e1n Cerd\u00e1n"},"image":{"@id":"https:\/\/bandajuliancerdan.com\/#\/schema\/logo\/image\/"},"sameAs":["https:\/\/www.facebook.com\/BMjuliancerdan","https:\/\/x.com\/BMjulianCerdan","https:\/\/www.instagram.com\/bandajuliancerdan","https:\/\/www.youtube.com\/@BMjuliancerdan","https:\/\/open.spotify.com\/intl-es\/artist\/4i66fjXSc41mCE4cyc8ctf?si=xwRCLcowSBOcLpUrJncpAQ&nd=1&dlsi=4962adf5713540ac"]}]}},"uagb_featured_image_src":{"full":false,"thumbnail":false,"medium":false,"medium_large":false,"large":false,"1536x1536":false,"2048x2048":false,"trp-custom-language-flag":false},"uagb_author_info":{"display_name":"admin","author_link":"https:\/\/bandajuliancerdan.com\/en\/author\/admin\/"},"uagb_comment_info":0,"uagb_excerpt":null,"_links":{"self":[{"href":"https:\/\/bandajuliancerdan.com\/en\/wp-json\/wp\/v2\/pages\/713","targetHints":{"allow":["GET"]}}],"collection":[{"href":"https:\/\/bandajuliancerdan.com\/en\/wp-json\/wp\/v2\/pages"}],"about":[{"href":"https:\/\/bandajuliancerdan.com\/en\/wp-json\/wp\/v2\/types\/page"}],"author":[{"embeddable":true,"href":"https:\/\/bandajuliancerdan.com\/en\/wp-json\/wp\/v2\/users\/1"}],"replies":[{"embeddable":true,"href":"https:\/\/bandajuliancerdan.com\/en\/wp-json\/wp\/v2\/comments?post=713"}],"version-history":[{"count":5,"href":"https:\/\/bandajuliancerdan.com\/en\/wp-json\/wp\/v2\/pages\/713\/revisions"}],"predecessor-version":[{"id":955,"href":"https:\/\/bandajuliancerdan.com\/en\/wp-json\/wp\/v2\/pages\/713\/revisions\/955"}],"wp:attachment":[{"href":"https:\/\/bandajuliancerdan.com\/en\/wp-json\/wp\/v2\/media?parent=713"}],"curies":[{"name":"wp","href":"https:\/\/api.w.org\/{rel}","templated":true}]}}